{"id":125,"date":"2025-03-25T18:41:35","date_gmt":"2025-03-25T18:41:35","guid":{"rendered":"http:\/\/www.ogrody-unimasz.pl\/index.php\/one-page-express\/"},"modified":"2025-03-27T07:07:51","modified_gmt":"2025-03-27T07:07:51","slug":"ogrod","status":"publish","type":"page","link":"https:\/\/www.ogrody-unimasz.pl\/","title":{"rendered":"Ogrody-UniMasz"},"content":{"rendered":"<div id=\"about-1\" class=\"about-big-images-section\" style=\"background-color: #f6f6f6;\" data-label=\"About\" data-id=\"about-big-images-section\" data-category=\"about\">\n<div class=\"gridContainer\">\n<div class=\"about-big-images-textrow\">\n<div class=\"about-big-images-textcol dynamic-color\" data-type=\"column\">\n<h3 class=\"\">Tw\u00f3j ogr\u00f3d to Twoja wizyt\u00f3wka! Oferujemy kompleksowe us\u0142ugi ogrodnicze, kt\u00f3re sprawi\u0105, \u017ce trawniki b\u0119d\u0105 zawsze zadbane, a drzewa i krzewy zdrowe i estetyczne. Nasz zesp\u00f3\u0142 specjalist\u00f3w zadba o Tw\u00f3j zielony zak\u0105tek, niezale\u017cnie od jego wielko\u015bci. Zim\u0105 \u017caden \u015bnieg Ci\u0119 nie zaskoczy.<\/h3>\n<\/div>\n<\/div>\n<\/div>\n<div class=\"about-big-images-bottomrow\">\n<div class=\"about-big-images-leftimgcol\"><img decoding=\"async\" class=\"about-big-images-leftimg\" src=\"https:\/\/www.ogrody-unimasz.pl\/wp-content\/uploads\/2025\/03\/old-axe-embedded-in-tree-stump.jpg\" alt=\"axe\" \/><\/div>\n<div class=\"about-big-images-centerimgcol\"><img decoding=\"async\" class=\"about-big-images-centerimg\" src=\"https:\/\/www.ogrody-unimasz.pl\/wp-content\/uploads\/2025\/03\/logo-Photoroom.png\" alt=\"logo\" \/><\/div>\n<div class=\"about-big-images-rightimgcol\"><img decoding=\"async\" class=\"about-big-images-rightimg\" src=\"https:\/\/www.ogrody-unimasz.pl\/wp-content\/uploads\/2025\/03\/images.jpg\" alt=\"szpadel\" \/><\/div>\n<\/div>\n<\/div>\n<div id=\"dlaczego-my\" class=\"content-left-image-section\" style=\"background-color: #ffffff;\" data-label=\"Dlaczego my\" data-id=\"content-image-left\" data-category=\"content\">\n<div class=\"gridContainer\">\n<div class=\"row\">\n<div class=\"content-left-image-imgcol\" data-type=\"column\"><img decoding=\"async\" class=\"\" src=\"https:\/\/www.ogrody-unimasz.pl\/wp-content\/uploads\/2025\/03\/gardening-tools.jpg\" alt=\"narz\u0119dzia ogrodnicze\" \/><\/div>\n<div class=\"content-left-image-textcol dynamic-color\" data-type=\"column\">\n<h2 class=\"\">Dlaczego my?<\/h2>\n<h4 class=\"\"><img decoding=\"async\" class=\"emoji\" role=\"img\" draggable=\"false\" src=\"https:\/\/s.w.org\/images\/core\/emoji\/15.0.3\/svg\/1f331.svg\" alt=\"\ud83c\udf31\" \/> Tw\u00f3j ogr\u00f3d &#8211; to nasz priorytet<\/h4>\n<h4 class=\"\"><img decoding=\"async\" class=\"emoji\" role=\"img\" draggable=\"false\" src=\"https:\/\/s.w.org\/images\/core\/emoji\/15.0.3\/svg\/1f331.svg\" alt=\"\ud83c\udf31\" \/> <strong data-start=\"1041\" data-end=\"1075\">Do\u015bwiadczenie i profesjonalizm<\/strong> \u2013 lata praktyki w ogrodnictwie<\/h4>\n<h4 class=\"\"><img decoding=\"async\" class=\"emoji\" role=\"img\" draggable=\"false\" src=\"https:\/\/s.w.org\/images\/core\/emoji\/15.0.3\/svg\/1f331.svg\" alt=\"\ud83c\udf31\" \/> <strong data-start=\"1112\" data-end=\"1138\">Najwy\u017csza jako\u015b\u0107 us\u0142ug<\/strong> \u2013 pracujemy na najlepszym sprz\u0119cie<br data-start=\"1173\" data-end=\"1176\" \/>\n<img decoding=\"async\" class=\"emoji\" role=\"img\" draggable=\"false\" src=\"https:\/\/s.w.org\/images\/core\/emoji\/15.0.3\/svg\/1f331.svg\" alt=\"\ud83c\udf31\" \/> <strong data-start=\"1179\" data-end=\"1205\">Indywidualne podej\u015bcie<\/strong> \u2013 dopasowujemy us\u0142ugi do Twoich potrzeb<br data-start=\"1245\" data-end=\"1248\" \/>\n<img decoding=\"async\" class=\"emoji\" role=\"img\" draggable=\"false\" src=\"https:\/\/s.w.org\/images\/core\/emoji\/15.0.3\/svg\/1f331.svg\" alt=\"\ud83c\udf31\" \/> <strong data-start=\"1251\" data-end=\"1279\">Terminowo\u015b\u0107 i rzetelno\u015b\u0107<\/strong> \u2013 zawsze na czas, zawsze dok\u0142adnie<\/h4>\n<\/div>\n<\/div>\n<\/div>\n<\/div>\n<div id=\"nasze-usugi\" class=\"content-right-image-section\" style=\"background-color: #f6f6f6;\" data-label=\"Nasze usugi\" data-id=\"content-image-right\" data-category=\"content\">\n<div class=\"gridContainer\">\n<div class=\"content-right-image-gridcol\">\n<div class=\"content-right-image-textcol dynamic-color\" data-type=\"column\">\n<h2 class=\"\">Nasze us\u0142ugi<\/h2>\n<p class=\"\" data-start=\"73\" data-end=\"109\"><img decoding=\"async\" class=\"emoji\" role=\"img\" draggable=\"false\" src=\"https:\/\/s.w.org\/images\/core\/emoji\/15.0.3\/svg\/1f33f.svg\" alt=\"\ud83c\udf3f\" \/> <strong data-start=\"76\" data-end=\"107\">Serwis sprz\u0119tu ogrodniczego<\/strong><\/p>\n<p class=\"\" data-start=\"111\" data-end=\"159\"><img decoding=\"async\" class=\"emoji\" role=\"img\" draggable=\"false\" src=\"https:\/\/s.w.org\/images\/core\/emoji\/15.0.3\/svg\/1f333.svg\" alt=\"\ud83c\udf33\" \/> <strong data-start=\"114\" data-end=\"157\">Prace ogrodnicze i piel\u0119gnacja zieleni:<\/strong><\/p>\n\n<ul data-start=\"160\" data-end=\"300\">\n \t<li class=\"\" data-start=\"160\" data-end=\"177\">\n<p class=\"\" data-start=\"162\" data-end=\"177\">Wycinka drzew<\/p>\n<\/li>\n \t<li class=\"\" data-start=\"178\" data-end=\"214\">\n<p class=\"\" data-start=\"180\" data-end=\"214\">Przycinanie \u017cywop\u0142ot\u00f3w i krzew\u00f3w<\/p>\n<\/li>\n \t<li class=\"\" data-start=\"215\" data-end=\"233\">\n<p class=\"\" data-start=\"217\" data-end=\"233\">\u0141upanie drewna<\/p>\n<\/li>\n \t<li class=\"\" data-start=\"234\" data-end=\"252\">\n<p class=\"\" data-start=\"236\" data-end=\"252\">Frezowanie pni<\/p>\n<\/li>\n \t<li class=\"\" data-start=\"253\" data-end=\"272\">\n<p class=\"\" data-start=\"255\" data-end=\"272\">Us\u0142ugi r\u0119bakiem<\/p>\n<\/li>\n \t<li class=\"\" data-start=\"273\" data-end=\"300\">\n<p class=\"\" data-start=\"275\" data-end=\"300\">Wyw\u00f3z odpad\u00f3w zielonych<\/p>\n<\/li>\n<\/ul>\n<p class=\"\" data-start=\"302\" data-end=\"358\"><img decoding=\"async\" class=\"emoji\" role=\"img\" draggable=\"false\" src=\"https:\/\/s.w.org\/images\/core\/emoji\/15.0.3\/svg\/1f33e.svg\" alt=\"\ud83c\udf3e\" \/> <strong data-start=\"305\" data-end=\"356\">Koszenie trawy i piel\u0119gnacja teren\u00f3w zielonych:<\/strong><\/p>\n\n<ul data-start=\"359\" data-end=\"670\">\n \t<li class=\"\" data-start=\"359\" data-end=\"447\">\n<p class=\"\" data-start=\"361\" data-end=\"447\">Koszenie trawnik\u00f3w (wsp\u00f3\u0142praca z firmami, sp\u00f3\u0142dzielniami i klientami indywidualnymi)<\/p>\n<\/li>\n \t<li class=\"\" data-start=\"448\" data-end=\"481\">\n<p class=\"\" data-start=\"450\" data-end=\"481\">Ca\u0142oroczna opieka nad ogrodem<\/p>\n<\/li>\n \t<li class=\"\" data-start=\"482\" data-end=\"545\">\n<p class=\"\" data-start=\"484\" data-end=\"545\">Piel\u0119gnacja ro\u015blin (ci\u0119cie, formowanie, nawo\u017cenie, opryski)<\/p>\n<\/li>\n \t<li class=\"\" data-start=\"546\" data-end=\"619\">\n<p class=\"\" data-start=\"548\" data-end=\"619\">Piel\u0119gnacja trawnik\u00f3w (wertykulacja, aeracja, piaskowanie, nawo\u017cenie)<\/p>\n<\/li>\n \t<li class=\"\" data-start=\"620\" data-end=\"648\">\n<p class=\"\" data-start=\"622\" data-end=\"648\">Sadzenie drzew i krzew\u00f3w<\/p>\n<\/li>\n \t<li class=\"\" data-start=\"649\" data-end=\"670\">\n<p class=\"\" data-start=\"651\" data-end=\"670\">Us\u0142ugi porz\u0105dkowe<\/p>\n<\/li>\n<\/ul>\n<p class=\"\" data-start=\"672\" data-end=\"699\"><img decoding=\"async\" class=\"emoji\" role=\"img\" draggable=\"false\" src=\"https:\/\/s.w.org\/images\/core\/emoji\/15.0.3\/svg\/1f4a6.svg\" alt=\"\ud83d\udca6\" \/> <strong data-start=\"675\" data-end=\"697\">Mycie ci\u015bnieniowe:<\/strong><\/p>\n\n<ul data-start=\"700\" data-end=\"781\">\n \t<li class=\"\" data-start=\"700\" data-end=\"710\">\n<p class=\"\" data-start=\"702\" data-end=\"710\">Dach\u00f3w<\/p>\n<\/li>\n \t<li class=\"\" data-start=\"711\" data-end=\"723\">\n<p class=\"\" data-start=\"713\" data-end=\"723\">Elewacji<\/p>\n<\/li>\n \t<li class=\"\" data-start=\"724\" data-end=\"734\">\n<p class=\"\" data-start=\"726\" data-end=\"734\">P\u0142ot\u00f3w<\/p>\n<\/li>\n \t<li class=\"\" data-start=\"735\" data-end=\"761\">\n<p class=\"\" data-start=\"737\" data-end=\"761\">Konstrukcji betonowych<\/p>\n<\/li>\n \t<li class=\"\" data-start=\"762\" data-end=\"781\">\n<p class=\"\" data-start=\"764\" data-end=\"781\">Kostki brukowej<\/p>\n<\/li>\n<\/ul>\n<p class=\"\" data-start=\"783\" data-end=\"806\"><img decoding=\"async\" class=\"emoji\" role=\"img\" draggable=\"false\" src=\"https:\/\/s.w.org\/images\/core\/emoji\/15.0.3\/svg\/2744.svg\" alt=\"\u2744\ufe0f\" \/> <strong data-start=\"786\" data-end=\"804\">Us\u0142ugi zimowe:<\/strong><\/p>\n\n<ul data-start=\"807\" data-end=\"875\">\n \t<li class=\"\" data-start=\"807\" data-end=\"829\">\n<p class=\"\" data-start=\"809\" data-end=\"829\">Od\u015bnie\u017canie dach\u00f3w<\/p>\n<\/li>\n \t<li class=\"\" data-start=\"830\" data-end=\"875\">\n<p class=\"\" data-start=\"832\" data-end=\"875\">Od\u015bnie\u017canie dr\u00f3g, teren\u00f3w wsp\u00f3lnot i firm<\/p>\n<\/li>\n<\/ul>\n<\/div>\n<div class=\"content-right-image-imgcol\" data-type=\"column\"><img decoding=\"async\" class=\"custom-image\" src=\"https:\/\/www.ogrody-unimasz.pl\/wp-content\/uploads\/2025\/03\/zywoplot.jpg\" alt=\"\u017cywop\u0142ot\" \/><\/div>\n<\/div>\n<\/div>\n<\/div>\n<div id=\"galeria\" class=\"features-image-cards-section\" style=\"background-color: #f6f6f6;\" data-label=\"Galeria\" data-id=\"features-image-cards-section\" data-category=\"features\">\n<div class=\"gridContainer\">\n<div class=\"features-image-cards-textrow\">\n<div class=\"features-image-cards-textcol dynamic-color\" data-type=\"column\">\n<h2 class=\"\">Galeria<\/h2>\n<\/div>\n<\/div>\n<div class=\"features-image-cards-innerrow flexbox-list dark-text\" data-type=\"row\">\n<div class=\"features-image-cards-cardcol cp4cols cp6cols-tablet\">\n<div class=\"features-image-cards-cardrow\"><img decoding=\"async\" class=\"features-image-cards-featimg\" src=\"https:\/\/www.ogrody-unimasz.pl\/wp-content\/uploads\/2025\/03\/423fc5e9-8af7-4965-a30e-dbb04fd0df66.jpg\" alt=\"park\" \/>\n<div class=\"features-image-cards-cardtextrow\" data-type=\"column\"><img decoding=\"async\" class=\"custom-image\" src=\"https:\/\/www.ogrody-unimasz.pl\/wp-content\/uploads\/2025\/03\/54184481-fc76-47e8-9686-55c9464647e9.jpg\" alt=\"przyci\u0119ty \u017cywop\u0142ot\" \/><img decoding=\"async\" class=\"custom-image\" src=\"https:\/\/www.ogrody-unimasz.pl\/wp-content\/uploads\/2025\/03\/931a0173-3ad2-4c64-9eec-11238bc96032.jpg\" alt=\"mycie kostki\" \/><\/div>\n<\/div>\n<\/div>\n<div class=\"features-image-cards-cardcol cp4cols cp6cols-tablet\">\n<div class=\"features-image-cards-cardrow\"><img decoding=\"async\" class=\"features-image-cards-featimg\" src=\"https:\/\/www.ogrody-unimasz.pl\/wp-content\/uploads\/2025\/03\/45c81e3d-d691-4f82-abd3-474f6dbb9c47.jpg\" alt=\"koszenie\" \/>\n<div class=\"features-image-cards-cardtextrow\" data-type=\"column\"><img decoding=\"async\" class=\"custom-image\" src=\"https:\/\/www.ogrody-unimasz.pl\/wp-content\/uploads\/2025\/03\/4e567ad1-010f-49d8-9542-a8d0226b7939.jpg\" alt=\"mycie elewacji\" \/><\/div>\n<\/div>\n<\/div>\n<div class=\"features-image-cards-cardcol cp4cols cp6cols-tablet\">\n<div class=\"features-image-cards-cardrow\"><img decoding=\"async\" class=\"features-image-cards-featimg\" src=\"https:\/\/www.ogrody-unimasz.pl\/wp-content\/uploads\/2025\/03\/285a1416-5a65-4e34-905d-67d2902ee3b8.jpg\" alt=\"serwis narz\u0119dzi\" \/>\n<div class=\"features-image-cards-cardtextrow\" data-type=\"column\"><img decoding=\"async\" class=\"custom-image\" src=\"https:\/\/www.ogrody-unimasz.pl\/wp-content\/uploads\/2025\/03\/9b06026d-b4ee-4c79-b712-518753e397ec.jpg\" alt=\"mycie kostki w gara\u017cu\" \/><\/div>\n<\/div>\n<\/div>\n<div class=\"features-image-cards-cardcol cp4cols cp6cols-tablet\">\n<div class=\"features-image-cards-cardrow\"><img decoding=\"async\" class=\"features-image-cards-featimg\" src=\"https:\/\/www.ogrody-unimasz.pl\/wp-content\/uploads\/2025\/03\/e8f8e44a-7a1b-40fa-87e0-7460559f2cb4-e1742995023525.jpg\" alt=\"wycinka alpinistyczna\" \/>\n<div class=\"features-image-cards-cardtextrow\" data-type=\"column\"><img decoding=\"async\" class=\"custom-image\" src=\"https:\/\/www.ogrody-unimasz.pl\/wp-content\/uploads\/2025\/03\/076d48bd-c6df-4e87-a6ff-c3c9aa05d921.jpg\" alt=\"r\u0119banie drzewa\" \/><img decoding=\"async\" class=\"custom-image\" src=\"https:\/\/www.ogrody-unimasz.pl\/wp-content\/uploads\/2025\/03\/e35ab7b1-b7d6-4d27-9e1a-81a4955827d1.jpg\" alt=\"od\u015bnie\u017canie\" \/><\/div>\n<\/div>\n<\/div>\n<\/div>\n<\/div>\n<\/div>\n<div id=\"kontakt\" class=\"contact-section-formsection white-text\" data-label=\"Kontakt\" data-id=\"contact-section\" data-category=\"contact\" data-bg=\"transparent\">\n<div class=\"gridContainer\">\n<div class=\"row_224\">\n<h2 class=\"contact-textrow\" style=\"text-align: center;\"><span style=\"color: #ffffff;\"><strong>Kontakt<\/strong><\/span><\/h2>\n<h2 class=\"contact-textrow\" style=\"text-align: center;\"><span style=\"color: #ffffff;\"><strong>609-376-614<\/strong><\/span><\/h2>\n<h2 class=\"contact-textrow\" style=\"text-align: center;\"><span style=\"color: #ffffff;\"><strong><a style=\"color: #ffffff;\" href=\"mailto:unimasz@vp.pl\">unimasz@vp.pl<\/a><\/strong><\/span><\/h2>\n<h2 class=\"contact-textrow\" style=\"text-align: center;\"><span style=\"color: #ffffff;\"><strong>Lub<\/strong><\/span><\/h2>\n<\/div>\n<div class=\"contact-formcol\" style=\"text-align: center;\" data-content-shortcode=\"one_page_express_contact_form\" data-editable=\"true\">\n<div class=\"wpcf7 no-js\" id=\"wpcf7-f153-o1\" lang=\"pl-PL\" dir=\"ltr\" data-wpcf7-id=\"153\">\n<div class=\"screen-reader-response\"><p role=\"status\" aria-live=\"polite\" aria-atomic=\"true\"><\/p> <ul><\/ul><\/div>\n<form action=\"\/index.php\/wp-json\/wp\/v2\/pages\/125#wpcf7-f153-o1\" method=\"post\" class=\"wpcf7-form init\" aria-label=\"Formularz kontaktowy\" novalidate=\"novalidate\" data-status=\"init\">\n<fieldset class=\"hidden-fields-container\"><input type=\"hidden\" name=\"_wpcf7\" value=\"153\" \/><input type=\"hidden\" name=\"_wpcf7_version\" value=\"6.1.5\" \/><input type=\"hidden\" name=\"_wpcf7_locale\" value=\"pl_PL\" \/><input type=\"hidden\" name=\"_wpcf7_unit_tag\" value=\"wpcf7-f153-o1\" \/><input type=\"hidden\" name=\"_wpcf7_container_post\" value=\"0\" \/><input type=\"hidden\" name=\"_wpcf7_posted_data_hash\" value=\"\" \/>\n<\/fieldset>\n<p><label> Twoje imi\u0119 i nazwisko<br \/>\n<span class=\"wpcf7-form-control-wrap\" data-name=\"your-name\"><input size=\"40\" maxlength=\"400\" class=\"wpcf7-form-control wpcf7-text wpcf7-validates-as-required\" autocomplete=\"name\" aria-required=\"true\" aria-invalid=\"false\" value=\"\" type=\"text\" name=\"your-name\" \/><\/span> <\/label>\n<\/p>\n<p><label> Tw\u00f3j adres e-mail<br \/>\n<span class=\"wpcf7-form-control-wrap\" data-name=\"your-email\"><input size=\"40\" maxlength=\"400\" class=\"wpcf7-form-control wpcf7-email wpcf7-validates-as-required wpcf7-text wpcf7-validates-as-email\" autocomplete=\"email\" aria-required=\"true\" aria-invalid=\"false\" value=\"\" type=\"email\" name=\"your-email\" \/><\/span> <\/label>\n<\/p>\n<p><label> Temat<br \/>\n<span class=\"wpcf7-form-control-wrap\" data-name=\"your-subject\"><input size=\"40\" maxlength=\"400\" class=\"wpcf7-form-control wpcf7-text wpcf7-validates-as-required\" aria-required=\"true\" aria-invalid=\"false\" value=\"\" type=\"text\" name=\"your-subject\" \/><\/span> <\/label>\n<\/p>\n<p><label> Twoja wiadomo\u015bci (opcjonalne)<br \/>\n<span class=\"wpcf7-form-control-wrap\" data-name=\"your-message\"><textarea cols=\"40\" rows=\"10\" maxlength=\"2000\" class=\"wpcf7-form-control wpcf7-textarea\" aria-invalid=\"false\" name=\"your-message\"><\/textarea><\/span> <\/label>\n<\/p>\n<p><input class=\"wpcf7-form-control wpcf7-submit has-spinner\" type=\"submit\" value=\"Wy\u015blij\" \/>\n<\/p><div class=\"wpcf7-response-output\" aria-hidden=\"true\"><\/div>\n<\/form>\n<\/div>\n<\/div>\n<\/div>\n<\/div>","protected":false},"excerpt":{"rendered":"<p>Tw\u00f3j ogr\u00f3d to Twoja wizyt\u00f3wka! Oferujemy kompleksowe us\u0142ugi ogrodnicze, kt\u00f3re sprawi\u0105, \u017ce trawniki b\u0119d\u0105 zawsze zadbane, a drzewa i krzewy zdrowe i estetyczne. Nasz zesp\u00f3\u0142 specjalist\u00f3w zadba o Tw\u00f3j zielony zak\u0105tek, niezale\u017cnie od jego wielko\u015bci. Zim\u0105 \u017caden \u015bnieg Ci\u0119 nie zaskoczy. Dlaczego my? Tw\u00f3j ogr\u00f3d &#8211; to nasz priorytet Do\u015bwiadczenie i profesjonalizm \u2013 lata praktyki&hellip; <br \/> <a class=\"button small blue\" href=\"https:\/\/www.ogrody-unimasz.pl\/index.php\/2025\/03\/25\/hello-world\/\">Dowiedz si\u0119 wi\u0119cej<\/a><\/p>\n","protected":false},"author":1,"featured_media":0,"parent":0,"menu_order":0,"comment_status":"closed","ping_status":"closed","template":"","meta":{"footnotes":""},"class_list":["post-125","page","type-page","status-publish","hentry"],"yoast_head":"<!-- This site is optimized with the Yoast SEO plugin v26.8 - https:\/\/yoast.com\/product\/yoast-seo-wordpress\/ -->\n<title>Ogrody-UniMasz - UNI-MASZ<\/title>\n<meta name=\"description\" content=\"Ogr\u00f3d to Twoja wizyt\u00f3wka! Kompleksowa opieka nad ogrodem. Mycie wysokoci\u015bnieniowe. Alpinistyczna wycinka drzew. Od\u015bnie\u017canie.\" \/>\n<meta name=\"robots\" content=\"index, nofollow, max-snippet:-1, max-image-preview:large, max-video-preview:-1\" \/>\n<link rel=\"canonical\" href=\"https:\/\/www.ogrody-unimasz.pl\/\" \/>\n<meta property=\"og:locale\" content=\"pl_PL\" \/>\n<meta property=\"og:type\" content=\"article\" \/>\n<meta property=\"og:title\" content=\"Ogrody-UniMasz - UNI-MASZ\" \/>\n<meta property=\"og:description\" content=\"Ogr\u00f3d to Twoja wizyt\u00f3wka! Kompleksowa opieka nad ogrodem. Mycie wysokoci\u015bnieniowe. Alpinistyczna wycinka drzew. Od\u015bnie\u017canie.\" \/>\n<meta property=\"og:url\" content=\"https:\/\/www.ogrody-unimasz.pl\/\" \/>\n<meta property=\"og:site_name\" content=\"UNI-MASZ\" \/>\n<meta property=\"article:modified_time\" content=\"2025-03-27T07:07:51+00:00\" \/>\n<meta property=\"og:image\" content=\"https:\/\/www.ogrody-unimasz.pl\/wp-content\/uploads\/2025\/03\/old-axe-embedded-in-tree-stump.jpg\" \/>\n<meta name=\"twitter:card\" content=\"summary_large_image\" \/>\n<meta name=\"twitter:label1\" content=\"Szacowany czas czytania\" \/>\n\t<meta name=\"twitter:data1\" content=\"7 minut\" \/>\n<script type=\"application\/ld+json\" class=\"yoast-schema-graph\">{\"@context\":\"https:\/\/schema.org\",\"@graph\":[{\"@type\":\"WebPage\",\"@id\":\"https:\/\/www.ogrody-unimasz.pl\/\",\"url\":\"https:\/\/www.ogrody-unimasz.pl\/\",\"name\":\"Ogrody-UniMasz - UNI-MASZ\",\"isPartOf\":{\"@id\":\"https:\/\/www.ogrody-unimasz.pl\/#website\"},\"primaryImageOfPage\":{\"@id\":\"https:\/\/www.ogrody-unimasz.pl\/#primaryimage\"},\"image\":{\"@id\":\"https:\/\/www.ogrody-unimasz.pl\/#primaryimage\"},\"thumbnailUrl\":\"https:\/\/www.ogrody-unimasz.pl\/wp-content\/uploads\/2025\/03\/old-axe-embedded-in-tree-stump.jpg\",\"datePublished\":\"2025-03-25T18:41:35+00:00\",\"dateModified\":\"2025-03-27T07:07:51+00:00\",\"description\":\"Ogr\u00f3d to Twoja wizyt\u00f3wka! Kompleksowa opieka nad ogrodem. Mycie wysokoci\u015bnieniowe. Alpinistyczna wycinka drzew. Od\u015bnie\u017canie.\",\"breadcrumb\":{\"@id\":\"https:\/\/www.ogrody-unimasz.pl\/#breadcrumb\"},\"inLanguage\":\"pl-PL\",\"potentialAction\":[{\"@type\":\"ReadAction\",\"target\":[\"https:\/\/www.ogrody-unimasz.pl\/\"]}]},{\"@type\":\"ImageObject\",\"inLanguage\":\"pl-PL\",\"@id\":\"https:\/\/www.ogrody-unimasz.pl\/#primaryimage\",\"url\":\"https:\/\/www.ogrody-unimasz.pl\/wp-content\/uploads\/2025\/03\/old-axe-embedded-in-tree-stump.jpg\",\"contentUrl\":\"https:\/\/www.ogrody-unimasz.pl\/wp-content\/uploads\/2025\/03\/old-axe-embedded-in-tree-stump.jpg\",\"width\":970,\"height\":646,\"caption\":\"axe\"},{\"@type\":\"BreadcrumbList\",\"@id\":\"https:\/\/www.ogrody-unimasz.pl\/#breadcrumb\",\"itemListElement\":[{\"@type\":\"ListItem\",\"position\":1,\"name\":\"Strona g\u0142\u00f3wna\",\"item\":\"https:\/\/www.ogrody-unimasz.pl\/\"},{\"@type\":\"ListItem\",\"position\":2,\"name\":\"Ogrody-UniMasz\"}]},{\"@type\":\"WebSite\",\"@id\":\"https:\/\/www.ogrody-unimasz.pl\/#website\",\"url\":\"https:\/\/www.ogrody-unimasz.pl\/\",\"name\":\"UNI-MASZ\",\"description\":\"\ud83c\udf3f Profesjonalna piel\u0119gnacja Twojego ogrodu \ud83c\udf3fKoszenie trawnik&oacute;w | Przycinanie drzew | Kompleksowa opieka nad zieleni\u0105 | Od\u015bnie\u017canie\",\"publisher\":{\"@id\":\"https:\/\/www.ogrody-unimasz.pl\/#organization\"},\"potentialAction\":[{\"@type\":\"SearchAction\",\"target\":{\"@type\":\"EntryPoint\",\"urlTemplate\":\"https:\/\/www.ogrody-unimasz.pl\/?s={search_term_string}\"},\"query-input\":{\"@type\":\"PropertyValueSpecification\",\"valueRequired\":true,\"valueName\":\"search_term_string\"}}],\"inLanguage\":\"pl-PL\"},{\"@type\":\"Organization\",\"@id\":\"https:\/\/www.ogrody-unimasz.pl\/#organization\",\"name\":\"UNI-MASZ\",\"url\":\"https:\/\/www.ogrody-unimasz.pl\/\",\"logo\":{\"@type\":\"ImageObject\",\"inLanguage\":\"pl-PL\",\"@id\":\"https:\/\/www.ogrody-unimasz.pl\/#\/schema\/logo\/image\/\",\"url\":\"https:\/\/www.ogrody-unimasz.pl\/wp-content\/uploads\/2025\/03\/cropped-cropped-cropped-cropped-logo-Photoroom-1.png\",\"contentUrl\":\"https:\/\/www.ogrody-unimasz.pl\/wp-content\/uploads\/2025\/03\/cropped-cropped-cropped-cropped-logo-Photoroom-1.png\",\"width\":1019,\"height\":166,\"caption\":\"UNI-MASZ\"},\"image\":{\"@id\":\"https:\/\/www.ogrody-unimasz.pl\/#\/schema\/logo\/image\/\"}}]}<\/script>\n<!-- \/ Yoast SEO plugin. -->","yoast_head_json":{"title":"Ogrody-UniMasz - UNI-MASZ","description":"Ogr\u00f3d to Twoja wizyt\u00f3wka! Kompleksowa opieka nad ogrodem. Mycie wysokoci\u015bnieniowe. Alpinistyczna wycinka drzew. Od\u015bnie\u017canie.","robots":{"index":"index","follow":"nofollow","max-snippet":"max-snippet:-1","max-image-preview":"max-image-preview:large","max-video-preview":"max-video-preview:-1"},"canonical":"https:\/\/www.ogrody-unimasz.pl\/","og_locale":"pl_PL","og_type":"article","og_title":"Ogrody-UniMasz - UNI-MASZ","og_description":"Ogr\u00f3d to Twoja wizyt\u00f3wka! Kompleksowa opieka nad ogrodem. Mycie wysokoci\u015bnieniowe. Alpinistyczna wycinka drzew. Od\u015bnie\u017canie.","og_url":"https:\/\/www.ogrody-unimasz.pl\/","og_site_name":"UNI-MASZ","article_modified_time":"2025-03-27T07:07:51+00:00","og_image":[{"url":"https:\/\/www.ogrody-unimasz.pl\/wp-content\/uploads\/2025\/03\/old-axe-embedded-in-tree-stump.jpg","type":"","width":"","height":""}],"twitter_card":"summary_large_image","twitter_misc":{"Szacowany czas czytania":"7 minut"},"schema":{"@context":"https:\/\/schema.org","@graph":[{"@type":"WebPage","@id":"https:\/\/www.ogrody-unimasz.pl\/","url":"https:\/\/www.ogrody-unimasz.pl\/","name":"Ogrody-UniMasz - UNI-MASZ","isPartOf":{"@id":"https:\/\/www.ogrody-unimasz.pl\/#website"},"primaryImageOfPage":{"@id":"https:\/\/www.ogrody-unimasz.pl\/#primaryimage"},"image":{"@id":"https:\/\/www.ogrody-unimasz.pl\/#primaryimage"},"thumbnailUrl":"https:\/\/www.ogrody-unimasz.pl\/wp-content\/uploads\/2025\/03\/old-axe-embedded-in-tree-stump.jpg","datePublished":"2025-03-25T18:41:35+00:00","dateModified":"2025-03-27T07:07:51+00:00","description":"Ogr\u00f3d to Twoja wizyt\u00f3wka! Kompleksowa opieka nad ogrodem. Mycie wysokoci\u015bnieniowe. Alpinistyczna wycinka drzew. Od\u015bnie\u017canie.","breadcrumb":{"@id":"https:\/\/www.ogrody-unimasz.pl\/#breadcrumb"},"inLanguage":"pl-PL","potentialAction":[{"@type":"ReadAction","target":["https:\/\/www.ogrody-unimasz.pl\/"]}]},{"@type":"ImageObject","inLanguage":"pl-PL","@id":"https:\/\/www.ogrody-unimasz.pl\/#primaryimage","url":"https:\/\/www.ogrody-unimasz.pl\/wp-content\/uploads\/2025\/03\/old-axe-embedded-in-tree-stump.jpg","contentUrl":"https:\/\/www.ogrody-unimasz.pl\/wp-content\/uploads\/2025\/03\/old-axe-embedded-in-tree-stump.jpg","width":970,"height":646,"caption":"axe"},{"@type":"BreadcrumbList","@id":"https:\/\/www.ogrody-unimasz.pl\/#breadcrumb","itemListElement":[{"@type":"ListItem","position":1,"name":"Strona g\u0142\u00f3wna","item":"https:\/\/www.ogrody-unimasz.pl\/"},{"@type":"ListItem","position":2,"name":"Ogrody-UniMasz"}]},{"@type":"WebSite","@id":"https:\/\/www.ogrody-unimasz.pl\/#website","url":"https:\/\/www.ogrody-unimasz.pl\/","name":"UNI-MASZ","description":"\ud83c\udf3f Profesjonalna piel\u0119gnacja Twojego ogrodu \ud83c\udf3fKoszenie trawnik&oacute;w | Przycinanie drzew | Kompleksowa opieka nad zieleni\u0105 | Od\u015bnie\u017canie","publisher":{"@id":"https:\/\/www.ogrody-unimasz.pl\/#organization"},"potentialAction":[{"@type":"SearchAction","target":{"@type":"EntryPoint","urlTemplate":"https:\/\/www.ogrody-unimasz.pl\/?s={search_term_string}"},"query-input":{"@type":"PropertyValueSpecification","valueRequired":true,"valueName":"search_term_string"}}],"inLanguage":"pl-PL"},{"@type":"Organization","@id":"https:\/\/www.ogrody-unimasz.pl\/#organization","name":"UNI-MASZ","url":"https:\/\/www.ogrody-unimasz.pl\/","logo":{"@type":"ImageObject","inLanguage":"pl-PL","@id":"https:\/\/www.ogrody-unimasz.pl\/#\/schema\/logo\/image\/","url":"https:\/\/www.ogrody-unimasz.pl\/wp-content\/uploads\/2025\/03\/cropped-cropped-cropped-cropped-logo-Photoroom-1.png","contentUrl":"https:\/\/www.ogrody-unimasz.pl\/wp-content\/uploads\/2025\/03\/cropped-cropped-cropped-cropped-logo-Photoroom-1.png","width":1019,"height":166,"caption":"UNI-MASZ"},"image":{"@id":"https:\/\/www.ogrody-unimasz.pl\/#\/schema\/logo\/image\/"}}]}},"_links":{"self":[{"href":"https:\/\/www.ogrody-unimasz.pl\/index.php\/wp-json\/wp\/v2\/pages\/125","targetHints":{"allow":["GET"]}}],"collection":[{"href":"https:\/\/www.ogrody-unimasz.pl\/index.php\/wp-json\/wp\/v2\/pages"}],"about":[{"href":"https:\/\/www.ogrody-unimasz.pl\/index.php\/wp-json\/wp\/v2\/types\/page"}],"author":[{"embeddable":true,"href":"https:\/\/www.ogrody-unimasz.pl\/index.php\/wp-json\/wp\/v2\/users\/1"}],"replies":[{"embeddable":true,"href":"https:\/\/www.ogrody-unimasz.pl\/index.php\/wp-json\/wp\/v2\/comments?post=125"}],"version-history":[{"count":30,"href":"https:\/\/www.ogrody-unimasz.pl\/index.php\/wp-json\/wp\/v2\/pages\/125\/revisions"}],"predecessor-version":[{"id":187,"href":"https:\/\/www.ogrody-unimasz.pl\/index.php\/wp-json\/wp\/v2\/pages\/125\/revisions\/187"}],"wp:attachment":[{"href":"https:\/\/www.ogrody-unimasz.pl\/index.php\/wp-json\/wp\/v2\/media?parent=125"}],"curies":[{"name":"wp","href":"https:\/\/api.w.org\/{rel}","templated":true}]}}